{"id":556,"date":"2024-11-12T17:35:15","date_gmt":"2024-11-12T16:35:15","guid":{"rendered":"https:\/\/gingerthings.es\/?page_id=556"},"modified":"2025-02-08T12:22:35","modified_gmt":"2025-02-08T11:22:35","slug":"ebook","status":"publish","type":"page","link":"https:\/\/gingerthings.es\/en\/ebook\/","title":{"rendered":"Ebook"},"content":{"rendered":"<div data-elementor-type=\"wp-page\" data-elementor-id=\"556\" class=\"elementor elementor-556\" data-elementor-post-type=\"page\">\n\t\t\t\t<div class=\"elementor-element elementor-element-194a186 e-flex e-con-boxed e-con e-parent\" data-id=\"194a186\" data-element_type=\"container\">\n\t\t\t\t\t<div class=\"e-con-inner\">\n\t\t\t\t<div class=\"elementor-element elementor-element-a09f00c elementor-widget elementor-widget-heading\" data-id=\"a09f00c\" data-element_type=\"widget\" data-widget_type=\"heading.default\">\n\t\t\t\t<div class=\"elementor-widget-container\">\n\t\t\t\t\t<h1 class=\"elementor-heading-title elementor-size-default\">Gu\u00eda completa para aprender a hacer tus champ\u00fas s\u00f3lidos, sin complicaciones.<\/h1>\t\t\t\t<\/div>\n\t\t\t\t<\/div>\n\t\t\t\t\t<\/div>\n\t\t\t\t<\/div>\n\t\t<div class=\"elementor-element elementor-element-969d4f5 e-flex e-con-boxed e-con e-parent\" data-id=\"969d4f5\" data-element_type=\"container\">\n\t\t\t\t\t<div class=\"e-con-inner\">\n\t\t<div class=\"elementor-element elementor-element-6ac479b e-con-full e-flex e-con e-child\" data-id=\"6ac479b\" data-element_type=\"container\">\n\t\t\t\t<div class=\"elementor-element elementor-element-a3f6f99 elementor-widget elementor-widget-heading\" data-id=\"a3f6f99\" data-element_type=\"widget\" data-widget_type=\"heading.default\">\n\t\t\t\t<div class=\"elementor-widget-container\">\n\t\t\t\t\t<h2 class=\"elementor-heading-title elementor-size-default\">Empieza a formular tu champ\u00fa s\u00f3lido<\/h2>\t\t\t\t<\/div>\n\t\t\t\t<\/div>\n\t\t\t\t<div class=\"elementor-element elementor-element-49fe097 elementor-widget elementor-widget-heading\" data-id=\"49fe097\" data-element_type=\"widget\" data-widget_type=\"heading.default\">\n\t\t\t\t<div class=\"elementor-widget-container\">\n\t\t\t\t\t<h3 class=\"elementor-heading-title elementor-size-default\">20\u20ac <span style=\"font-size:1.3rem\">(4% IVA incluido)<\/span><\/h3>\t\t\t\t<\/div>\n\t\t\t\t<\/div>\n\t\t\t\t<div class=\"elementor-element elementor-element-4e693c8 elementor-align-justify elementor-widget elementor-widget-button\" data-id=\"4e693c8\" data-element_type=\"widget\" data-widget_type=\"button.default\">\n\t\t\t\t<div class=\"elementor-widget-container\">\n\t\t\t\t\t\t\t\t\t<div class=\"elementor-button-wrapper\">\n\t\t\t\t\t<a class=\"elementor-button elementor-button-link elementor-size-sm\" href=\"https:\/\/gingerthings.es\/en\/carrito\/?add-to-cart=555\" target=\"_blank\">\n\t\t\t\t\t\t<span class=\"elementor-button-content-wrapper\">\n\t\t\t\t\t\t\t\t\t<span class=\"elementor-button-text\">A\u00f1adir al carrito<\/span>\n\t\t\t\t\t<\/span>\n\t\t\t\t\t<\/a>\n\t\t\t\t<\/div>\n\t\t\t\t\t\t\t\t<\/div>\n\t\t\t\t<\/div>\n\t\t\t\t<div class=\"elementor-element elementor-element-6ccd061 elementor-widget elementor-widget-text-editor\" data-id=\"6ccd061\" data-element_type=\"widget\" data-widget_type=\"text-editor.default\">\n\t\t\t\t<div class=\"elementor-widget-container\">\n\t\t\t\t\t\t\t\t\t\u00bfEst\u00e1s empezando con la cosm\u00e9tica casera y no encuentras informaci\u00f3n concreta? \u00bfQuieres saber hacer por ti mismo cualquier champ\u00fa que necesites sin tener que consultar tutoriales? Con este e-book de 46 p\u00e1ginas a4 (lo que ser\u00edan pr\u00e1cticamente 100 en formato de libro), vas a aprender de una forma sencilla, amena y completa todo lo que necesitas sobre la elaboraci\u00f3n de esta cosm\u00e9tica s\u00f3lida casera.\t\t\t\t\t\t\t\t<\/div>\n\t\t\t\t<\/div>\n\t\t\t\t<div class=\"elementor-element elementor-element-b09a069 elementor-widget elementor-widget-image\" data-id=\"b09a069\" data-element_type=\"widget\" data-widget_type=\"image.default\">\n\t\t\t\t<div class=\"elementor-widget-container\">\n\t\t\t\t\t\t\t\t\t\t\t\t\t\t\t<img fetchpriority=\"high\" decoding=\"async\" width=\"800\" height=\"193\" src=\"https:\/\/gingerthings.es\/wp-content\/uploads\/2024\/06\/Random-03.svg\" class=\"attachment-large size-large wp-image-126\" alt=\"\" \/>\t\t\t\t\t\t\t\t\t\t\t\t\t\t\t<\/div>\n\t\t\t\t<\/div>\n\t\t\t\t<div class=\"elementor-element elementor-element-a1d4e7d elementor-widget elementor-widget-text-editor\" data-id=\"a1d4e7d\" data-element_type=\"widget\" data-widget_type=\"text-editor.default\">\n\t\t\t\t<div class=\"elementor-widget-container\">\n\t\t\t\t\t\t\t\t\t<p>Desde el cuidado de la piel y los diferentes tipos que existen hasta f\u00f3rmulas concretas de champ\u00fa s\u00f3lido para cada una de estas necesidades, pasando por una gran cantidad de ingredientes explicados uno a uno y con mimo, para que puedas entender la base de la formulaci\u00f3n cosm\u00e9tica y el por qu\u00e9 de cada ingrediente que adorna tus f\u00f3rmulas.<\/p>\t\t\t\t\t\t\t\t<\/div>\n\t\t\t\t<\/div>\n\t\t\t\t<div class=\"elementor-element elementor-element-252d02a elementor-widget elementor-widget-image\" data-id=\"252d02a\" data-element_type=\"widget\" data-widget_type=\"image.default\">\n\t\t\t\t<div class=\"elementor-widget-container\">\n\t\t\t\t\t\t\t\t\t\t\t\t\t\t\t<img fetchpriority=\"high\" decoding=\"async\" width=\"800\" height=\"193\" src=\"https:\/\/gingerthings.es\/wp-content\/uploads\/2024\/06\/Random-03.svg\" class=\"attachment-large size-large wp-image-126\" alt=\"\" \/>\t\t\t\t\t\t\t\t\t\t\t\t\t\t\t<\/div>\n\t\t\t\t<\/div>\n\t\t\t\t<div class=\"elementor-element elementor-element-5d4d7d7 elementor-widget elementor-widget-text-editor\" data-id=\"5d4d7d7\" data-element_type=\"widget\" data-widget_type=\"text-editor.default\">\n\t\t\t\t<div class=\"elementor-widget-container\">\n\t\t\t\t\t\t\t\t\t<p>Esto es el comienzo de un viaje de autocuidado y autoconocimiento que estoy deseando que empieces conmigo&#8230; \u00bfte animas?<\/p>\t\t\t\t\t\t\t\t<\/div>\n\t\t\t\t<\/div>\n\t\t\t\t<\/div>\n\t\t<div class=\"elementor-element elementor-element-64e25df e-con-full e-flex e-con e-child\" data-id=\"64e25df\" data-element_type=\"container\">\n\t\t\t\t<div class=\"elementor-element elementor-element-3ff4530 elementor-widget elementor-widget-image\" data-id=\"3ff4530\" data-element_type=\"widget\" data-widget_type=\"image.default\">\n\t\t\t\t<div class=\"elementor-widget-container\">\n\t\t\t\t\t\t\t\t\t\t\t\t\t\t\t<img decoding=\"async\" width=\"559\" height=\"791\" src=\"https:\/\/gingerthings.es\/wp-content\/uploads\/2024\/11\/Artboard7-1.png\" class=\"attachment-large size-large wp-image-558\" alt=\"\" srcset=\"https:\/\/gingerthings.es\/wp-content\/uploads\/2024\/11\/Artboard7-1.png 559w, https:\/\/gingerthings.es\/wp-content\/uploads\/2024\/11\/Artboard7-1-212x300.png 212w, https:\/\/gingerthings.es\/wp-content\/uploads\/2024\/11\/Artboard7-1-8x12.png 8w\" sizes=\"(max-width: 559px) 100vw, 559px\" \/>\t\t\t\t\t\t\t\t\t\t\t\t\t\t\t<\/div>\n\t\t\t\t<\/div>\n\t\t\t\t<\/div>\n\t\t\t\t\t<\/div>\n\t\t\t\t<\/div>\n\t\t\t\t<\/div>","protected":false},"excerpt":{"rendered":"<p>Gu\u00eda completa para aprender a hacer tus champ\u00fas s\u00f3lidos, sin complicaciones. Empieza a formular tu champ\u00fa s\u00f3lido 20\u20ac (4% IVA incluido) A\u00f1adir al carrito \u00bfEst\u00e1s empezando con la cosm\u00e9tica casera y no encuentras informaci\u00f3n concreta? \u00bfQuieres saber hacer por ti mismo cualquier champ\u00fa que necesites sin tener que consultar tutoriales? Con este e-book de 46 [&hellip;]<\/p>","protected":false},"author":1,"featured_media":0,"parent":0,"menu_order":0,"comment_status":"closed","ping_status":"closed","template":"","meta":{"footnotes":""},"class_list":["post-556","page","type-page","status-publish","hentry"],"yoast_head":"<!-- This site is optimized with the Yoast SEO plugin v25.8 - https:\/\/yoast.com\/wordpress\/plugins\/seo\/ -->\n<title>Ebook - Gingerthings<\/title>\n<meta name=\"robots\" content=\"index, follow, max-snippet:-1, max-image-preview:large, max-video-preview:-1\" \/>\n<link rel=\"canonical\" href=\"https:\/\/gingerthings.es\/en\/ebook\/\" \/>\n<meta property=\"og:locale\" content=\"en_GB\" \/>\n<meta property=\"og:type\" content=\"article\" \/>\n<meta property=\"og:title\" content=\"Ebook - Gingerthings\" \/>\n<meta property=\"og:description\" content=\"Gu\u00eda completa para aprender a hacer tus champ\u00fas s\u00f3lidos, sin complicaciones. Empieza a formular tu champ\u00fa s\u00f3lido 20\u20ac (4% IVA incluido) A\u00f1adir al carrito \u00bfEst\u00e1s empezando con la cosm\u00e9tica casera y no encuentras informaci\u00f3n concreta? \u00bfQuieres saber hacer por ti mismo cualquier champ\u00fa que necesites sin tener que consultar tutoriales? Con este e-book de 46 [&hellip;]\" \/>\n<meta property=\"og:url\" content=\"https:\/\/gingerthings.es\/en\/ebook\/\" \/>\n<meta property=\"og:site_name\" content=\"Gingerthings\" \/>\n<meta property=\"article:modified_time\" content=\"2025-02-08T11:22:35+00:00\" \/>\n<meta name=\"twitter:card\" content=\"summary_large_image\" \/>\n<meta name=\"twitter:label1\" content=\"Estimated reading time\" \/>\n\t<meta name=\"twitter:data1\" content=\"2 minutes\" \/>\n<script type=\"application\/ld+json\" class=\"yoast-schema-graph\">{\"@context\":\"https:\/\/schema.org\",\"@graph\":[{\"@type\":\"WebPage\",\"@id\":\"https:\/\/gingerthings.es\/ebook\/\",\"url\":\"https:\/\/gingerthings.es\/ebook\/\",\"name\":\"Ebook - Gingerthings\",\"isPartOf\":{\"@id\":\"https:\/\/gingerthings.es\/#website\"},\"primaryImageOfPage\":{\"@id\":\"https:\/\/gingerthings.es\/ebook\/#primaryimage\"},\"image\":{\"@id\":\"https:\/\/gingerthings.es\/ebook\/#primaryimage\"},\"thumbnailUrl\":\"https:\/\/gingerthings.es\/wp-content\/uploads\/2024\/06\/Random-03.svg\",\"datePublished\":\"2024-11-12T16:35:15+00:00\",\"dateModified\":\"2025-02-08T11:22:35+00:00\",\"breadcrumb\":{\"@id\":\"https:\/\/gingerthings.es\/ebook\/#breadcrumb\"},\"inLanguage\":\"en-GB\",\"potentialAction\":[{\"@type\":\"ReadAction\",\"target\":[\"https:\/\/gingerthings.es\/ebook\/\"]}]},{\"@type\":\"ImageObject\",\"inLanguage\":\"en-GB\",\"@id\":\"https:\/\/gingerthings.es\/ebook\/#primaryimage\",\"url\":\"https:\/\/gingerthings.es\/wp-content\/uploads\/2024\/06\/Random-03.svg\",\"contentUrl\":\"https:\/\/gingerthings.es\/wp-content\/uploads\/2024\/06\/Random-03.svg\"},{\"@type\":\"BreadcrumbList\",\"@id\":\"https:\/\/gingerthings.es\/ebook\/#breadcrumb\",\"itemListElement\":[{\"@type\":\"ListItem\",\"position\":1,\"name\":\"Portada\",\"item\":\"https:\/\/gingerthings.es\/\"},{\"@type\":\"ListItem\",\"position\":2,\"name\":\"Ebook\"}]},{\"@type\":\"WebSite\",\"@id\":\"https:\/\/gingerthings.es\/#website\",\"url\":\"https:\/\/gingerthings.es\/\",\"name\":\"Gingerthings\",\"description\":\"\",\"publisher\":{\"@id\":\"https:\/\/gingerthings.es\/#organization\"},\"potentialAction\":[{\"@type\":\"SearchAction\",\"target\":{\"@type\":\"EntryPoint\",\"urlTemplate\":\"https:\/\/gingerthings.es\/?s={search_term_string}\"},\"query-input\":{\"@type\":\"PropertyValueSpecification\",\"valueRequired\":true,\"valueName\":\"search_term_string\"}}],\"inLanguage\":\"en-GB\"},{\"@type\":\"Organization\",\"@id\":\"https:\/\/gingerthings.es\/#organization\",\"name\":\"Gingerthings\",\"url\":\"https:\/\/gingerthings.es\/\",\"logo\":{\"@type\":\"ImageObject\",\"inLanguage\":\"en-GB\",\"@id\":\"https:\/\/gingerthings.es\/#\/schema\/logo\/image\/\",\"url\":\"https:\/\/gingerthings.es\/wp-content\/uploads\/2024\/05\/GINGER_LOGOS_Mesa-de-trabajo-1.png\",\"contentUrl\":\"https:\/\/gingerthings.es\/wp-content\/uploads\/2024\/05\/GINGER_LOGOS_Mesa-de-trabajo-1.png\",\"width\":2560,\"height\":404,\"caption\":\"Gingerthings\"},\"image\":{\"@id\":\"https:\/\/gingerthings.es\/#\/schema\/logo\/image\/\"}}]}<\/script>\n<!-- \/ Yoast SEO plugin. -->","yoast_head_json":{"title":"Ebook - Gingerthings","robots":{"index":"index","follow":"follow","max-snippet":"max-snippet:-1","max-image-preview":"max-image-preview:large","max-video-preview":"max-video-preview:-1"},"canonical":"https:\/\/gingerthings.es\/en\/ebook\/","og_locale":"en_GB","og_type":"article","og_title":"Ebook - Gingerthings","og_description":"Gu\u00eda completa para aprender a hacer tus champ\u00fas s\u00f3lidos, sin complicaciones. Empieza a formular tu champ\u00fa s\u00f3lido 20\u20ac (4% IVA incluido) A\u00f1adir al carrito \u00bfEst\u00e1s empezando con la cosm\u00e9tica casera y no encuentras informaci\u00f3n concreta? \u00bfQuieres saber hacer por ti mismo cualquier champ\u00fa que necesites sin tener que consultar tutoriales? Con este e-book de 46 [&hellip;]","og_url":"https:\/\/gingerthings.es\/en\/ebook\/","og_site_name":"Gingerthings","article_modified_time":"2025-02-08T11:22:35+00:00","twitter_card":"summary_large_image","twitter_misc":{"Estimated reading time":"2 minutes"},"schema":{"@context":"https:\/\/schema.org","@graph":[{"@type":"WebPage","@id":"https:\/\/gingerthings.es\/ebook\/","url":"https:\/\/gingerthings.es\/ebook\/","name":"Ebook - Gingerthings","isPartOf":{"@id":"https:\/\/gingerthings.es\/#website"},"primaryImageOfPage":{"@id":"https:\/\/gingerthings.es\/ebook\/#primaryimage"},"image":{"@id":"https:\/\/gingerthings.es\/ebook\/#primaryimage"},"thumbnailUrl":"https:\/\/gingerthings.es\/wp-content\/uploads\/2024\/06\/Random-03.svg","datePublished":"2024-11-12T16:35:15+00:00","dateModified":"2025-02-08T11:22:35+00:00","breadcrumb":{"@id":"https:\/\/gingerthings.es\/ebook\/#breadcrumb"},"inLanguage":"en-GB","potentialAction":[{"@type":"ReadAction","target":["https:\/\/gingerthings.es\/ebook\/"]}]},{"@type":"ImageObject","inLanguage":"en-GB","@id":"https:\/\/gingerthings.es\/ebook\/#primaryimage","url":"https:\/\/gingerthings.es\/wp-content\/uploads\/2024\/06\/Random-03.svg","contentUrl":"https:\/\/gingerthings.es\/wp-content\/uploads\/2024\/06\/Random-03.svg"},{"@type":"BreadcrumbList","@id":"https:\/\/gingerthings.es\/ebook\/#breadcrumb","itemListElement":[{"@type":"ListItem","position":1,"name":"Portada","item":"https:\/\/gingerthings.es\/"},{"@type":"ListItem","position":2,"name":"Ebook"}]},{"@type":"WebSite","@id":"https:\/\/gingerthings.es\/#website","url":"https:\/\/gingerthings.es\/","name":"Gingerthings","description":"","publisher":{"@id":"https:\/\/gingerthings.es\/#organization"},"potentialAction":[{"@type":"SearchAction","target":{"@type":"EntryPoint","urlTemplate":"https:\/\/gingerthings.es\/?s={search_term_string}"},"query-input":{"@type":"PropertyValueSpecification","valueRequired":true,"valueName":"search_term_string"}}],"inLanguage":"en-GB"},{"@type":"Organization","@id":"https:\/\/gingerthings.es\/#organization","name":"Gingerthings","url":"https:\/\/gingerthings.es\/","logo":{"@type":"ImageObject","inLanguage":"en-GB","@id":"https:\/\/gingerthings.es\/#\/schema\/logo\/image\/","url":"https:\/\/gingerthings.es\/wp-content\/uploads\/2024\/05\/GINGER_LOGOS_Mesa-de-trabajo-1.png","contentUrl":"https:\/\/gingerthings.es\/wp-content\/uploads\/2024\/05\/GINGER_LOGOS_Mesa-de-trabajo-1.png","width":2560,"height":404,"caption":"Gingerthings"},"image":{"@id":"https:\/\/gingerthings.es\/#\/schema\/logo\/image\/"}}]}},"_links":{"self":[{"href":"https:\/\/gingerthings.es\/en\/wp-json\/wp\/v2\/pages\/556","targetHints":{"allow":["GET"]}}],"collection":[{"href":"https:\/\/gingerthings.es\/en\/wp-json\/wp\/v2\/pages"}],"about":[{"href":"https:\/\/gingerthings.es\/en\/wp-json\/wp\/v2\/types\/page"}],"author":[{"embeddable":true,"href":"https:\/\/gingerthings.es\/en\/wp-json\/wp\/v2\/users\/1"}],"replies":[{"embeddable":true,"href":"https:\/\/gingerthings.es\/en\/wp-json\/wp\/v2\/comments?post=556"}],"version-history":[{"count":40,"href":"https:\/\/gingerthings.es\/en\/wp-json\/wp\/v2\/pages\/556\/revisions"}],"predecessor-version":[{"id":771,"href":"https:\/\/gingerthings.es\/en\/wp-json\/wp\/v2\/pages\/556\/revisions\/771"}],"wp:attachment":[{"href":"https:\/\/gingerthings.es\/en\/wp-json\/wp\/v2\/media?parent=556"}],"curies":[{"name":"wp","href":"https:\/\/api.w.org\/{rel}","templated":true}]}}